{"id":13,"date":"2025-03-04T09:14:44","date_gmt":"2025-03-04T09:14:44","guid":{"rendered":"https:\/\/startersites.io\/blocksy\/investboost\/?page_id=13"},"modified":"2025-06-21T00:10:20","modified_gmt":"2025-06-21T00:10:20","slug":"nosotros","status":"publish","type":"page","link":"https:\/\/islauvitaecotour.com\/en\/nosotros\/","title":{"rendered":"Us"},"content":{"rendered":"<div class=\"wp-block-greenshift-blocks-container alignfull gspb_container gspb_container-gsbp-1008582\" id=\"gspb_container-id-gsbp-1008582\">\n<div class=\"wp-block-greenshift-blocks-row gspb_row gspb_row-id-gsbp-9e9cf25 gspb_row--gutter-custom-0\" id=\"gspb_row-id-gsbp-9e9cf25\"><div class=\"gspb_row__content\"> \n<div class=\"wp-block-greenshift-blocks-row-column gspb_row__col--12 gspb_row__col--md-12 gspb_col-id-gsbp-49c55aa\" id=\"gspb_col-id-gsbp-49c55aa\">\n<h2 id=\"gspb_heading-id-gsbp-9599f65\" class=\"gspb_heading gspb_heading-id-gsbp-9599f65\">Us<\/h2>\n<\/div>\n <\/div><\/div>\n<\/div>\n\n\n\n<div class=\"wp-block-greenshift-blocks-row alignfull gspb_row gspb_row-id-gsbp-460e555\" id=\"gspb_row-id-gsbp-460e555\"><div class=\"gspb_row__content\"> \n<div class=\"wp-block-greenshift-blocks-row-column gspb_row__col--6 gspb_col-id-gsbp-0e66a1cd-7f26\" id=\"gspb_col-id-gsbp-0e66a1cd-7f26\">\n<div class=\"wp-block-greenshift-blocks-svgshape gspb_svgBox gspb_svgBox-id-gsbp-4156bc17-6423\" id=\"gspb_svgBox-id-gsbp-4156bc17-6423\"><svg xmlns=\"https:\/\/www.w3.org\/2000\/svg\" version=\"1.1\" data-style=\"11\" x=\"0px\" y=\"0px\" viewbox=\"0 0 193 2\" preserveaspectratio=\"none\" fill=\"none\" stroke=\"#cecece6b\"><path data-style=\"11\" d=\"M0.5 1H193\"><\/path><defs><lineargradient><stop><\/stop><stop><\/stop><\/lineargradient><\/defs><\/svg><\/div>\n\n\n\n<div id=\"gspb_heading-id-gsbp-f02541cc-cd97\" class=\"gspb_heading gspb_heading-id-gsbp-f02541cc-cd97\"><span class=\"text-anim text-anim--push js-text-anim\">Qui\u00e9nes Somos <br><span class=\"text-anim__wrapper js-text-anim__wrapper\"><span class=\"text-anim__word js-text-anim__word text-anim__word--in\">Misi\u00f3n<\/span><span class=\"text-anim__word js-text-anim__word\">Visi\u00f3n<\/span><span class=\"text-anim__word js-text-anim__word\">Valores<\/span><\/span><\/span><\/div>\n\n\n\n<div class=\"wp-block-greenshift-blocks-container gspb_container gspb_container-gsbp-fd1a405\" id=\"gspb_container-id-gsbp-fd1a405\" data-aos=\"fade-up\" data-aos-easing=\"ease\" data-aos-duration=\"700\">\n<div class=\"wp-block-greenshift-blocks-iconbox gspb_iconBox gspb_iconBox-id-gsbp-b7bb007\" id=\"gspb_iconBox-id-gsbp-b7bb007\"><div class=\"gspb_iconBox__wrapper\" style=\"display:inline-flex\"><svg class=\"\" style=\"display:inline-block;vertical-align:middle\" width=\"72\" height=\"72\" viewbox=\"0 0 1024 1024\" xmlns=\"http:\/\/www.w3.org\/2000\/svg\"><path style=\"fill:#565D66\" d=\"M512 16c-273.934 0-496 222.066-496 496s222.066 496 496 496 496-222.066 496-496-222.066-496-496-496zM512 112c221.064 0 400 178.902 400 400 0 221.064-178.902 400-400 400-221.064 0-400-178.902-400-400 0-221.064 178.902-400 400-400zM792.408 372.534l-45.072-45.436c-9.334-9.41-24.53-9.472-33.94-0.136l-282.704 280.432-119.584-120.554c-9.334-9.41-24.53-9.472-33.94-0.138l-45.438 45.072c-9.41 9.334-9.472 24.53-0.136 33.942l181.562 183.032c9.334 9.41 24.53 9.472 33.94 0.136l345.178-342.408c9.408-9.336 9.468-24.532 0.134-33.942z\"><\/path><\/svg><\/div><\/div>\n\n\n\n<div id=\"gspb_heading-id-gsbp-fb852b0\" class=\"gspb_heading gspb_heading-id-gsbp-fb852b0\"><strong>Misi\u00f3n<\/strong><span class=\"gspb_heading_subtitle\">Brindar experiencias tur\u00edsticas seguras, aut\u00e9nticas y ecol\u00f3gicas en Isla Uvita, conectando a nuestros visitantes con la naturaleza, la cultura local y el valor hist\u00f3rico del Caribe costarricense.<\/span><\/div>\n<\/div>\n<\/div>\n\n\n\n<div class=\"wp-block-greenshift-blocks-row-column gspb_row__col--6 gspb_col-id-gsbp-818c9615-70b5\" id=\"gspb_col-id-gsbp-818c9615-70b5\">\n<div class=\"wp-block-greenshift-blocks-container gspb_container gspb_container-gsbp-b0c49d8\" id=\"gspb_container-id-gsbp-b0c49d8\" data-aos=\"fade-up\" data-aos-easing=\"ease\" data-aos-duration=\"700\">\n<div class=\"wp-block-greenshift-blocks-iconbox gspb_iconBox gspb_iconBox-id-gsbp-a8ae22a\" id=\"gspb_iconBox-id-gsbp-a8ae22a\"><div class=\"gspb_iconBox__wrapper\" style=\"display:inline-flex\"><svg class=\"\" style=\"display:inline-block;vertical-align:middle\" width=\"72\" height=\"72\" viewbox=\"0 0 1024 1024\" xmlns=\"http:\/\/www.w3.org\/2000\/svg\"><path style=\"fill:#565D66\" d=\"M512 16c-273.934 0-496 222.066-496 496s222.066 496 496 496 496-222.066 496-496-222.066-496-496-496zM512 112c221.064 0 400 178.902 400 400 0 221.064-178.902 400-400 400-221.064 0-400-178.902-400-400 0-221.064 178.902-400 400-400zM792.408 372.534l-45.072-45.436c-9.334-9.41-24.53-9.472-33.94-0.136l-282.704 280.432-119.584-120.554c-9.334-9.41-24.53-9.472-33.94-0.138l-45.438 45.072c-9.41 9.334-9.472 24.53-0.136 33.942l181.562 183.032c9.334 9.41 24.53 9.472 33.94 0.136l345.178-342.408c9.408-9.336 9.468-24.532 0.134-33.942z\"><\/path><\/svg><\/div><\/div>\n\n\n\n<div id=\"gspb_heading-id-gsbp-126a885\" class=\"gspb_heading gspb_heading-id-gsbp-126a885\"><strong><strong>Visi\u00f3n<\/strong><\/strong><span class=\"gspb_heading_subtitle\">Ser la empresa l\u00edder en turismo acu\u00e1tico responsable en Lim\u00f3n, reconocida por su calidad, compromiso ambiental y el impacto positivo en las comunidades locales y el ecosistema marino.<\/span><\/div>\n<\/div>\n\n\n\n<div class=\"wp-block-greenshift-blocks-container gspb_container gspb_container-gsbp-7f151d5\" id=\"gspb_container-id-gsbp-7f151d5\" data-aos=\"fade-up\" data-aos-easing=\"ease\" data-aos-duration=\"700\">\n<div class=\"wp-block-greenshift-blocks-iconbox gspb_iconBox gspb_iconBox-id-gsbp-714fcad\" id=\"gspb_iconBox-id-gsbp-714fcad\"><div class=\"gspb_iconBox__wrapper\" style=\"display:inline-flex\"><svg class=\"\" style=\"display:inline-block;vertical-align:middle\" width=\"72\" height=\"72\" viewbox=\"0 0 1024 1024\" xmlns=\"http:\/\/www.w3.org\/2000\/svg\"><path style=\"fill:#565D66\" d=\"M512 16c-273.934 0-496 222.066-496 496s222.066 496 496 496 496-222.066 496-496-222.066-496-496-496zM512 112c221.064 0 400 178.902 400 400 0 221.064-178.902 400-400 400-221.064 0-400-178.902-400-400 0-221.064 178.902-400 400-400zM792.408 372.534l-45.072-45.436c-9.334-9.41-24.53-9.472-33.94-0.136l-282.704 280.432-119.584-120.554c-9.334-9.41-24.53-9.472-33.94-0.138l-45.438 45.072c-9.41 9.334-9.472 24.53-0.136 33.942l181.562 183.032c9.334 9.41 24.53 9.472 33.94 0.136l345.178-342.408c9.408-9.336 9.468-24.532 0.134-33.942z\"><\/path><\/svg><\/div><\/div>\n\n\n\n<div id=\"gspb_heading-id-gsbp-71b35c8\" class=\"gspb_heading gspb_heading-id-gsbp-71b35c8\"><strong><strong><strong>Valores<\/strong><\/strong><\/strong><span class=\"gspb_heading_subtitle\">Honestidad, seguridad, sostenibilidad, respeto por la naturaleza y servicio al cliente. Creemos en un turismo consciente que protege nuestro entorno y deja una huella positiva en cada visitante.<\/span><\/div>\n<\/div>\n<\/div>\n <\/div><div class=\"gspb_shape-divider-container gspb_shape-divider-container--bottom\"><svg data-style=\"26\" x=\"0px\" y=\"0px\" viewbox=\"0 0 1200 366\" preserveaspectratio=\"none\"><polygon data-style=\"26\" class=\"gspb_st2 gspb_shape_2\" points=\"0 240 1200 0 1200 366 0 366\" fill=\"url(#sfirstbottomgsbp-460e555)\" data-aos=\"fade-down\" data-duration=\"700\" data-aos-delay=\"600\"><\/polygon><polygon data-style=\"26\" class=\"gspb_st1 gspb_shape_1\" points=\"0 300 1200 60 1200 366 0 366\" fill=\"url(#ssecondbottomgsbp-460e555)\" data-aos=\"fade-down\" data-aos-delay=\"300\" data-duration=\"700\"><\/polygon><polygon data-style=\"26\" class=\"gspb_st0 gspb_shape_0\" points=\"0 360 1200 120 1200 366 0 366\" fill=\"url(#sthirdbottomgsbp-460e555)\" data-aos=\"fade-down\" data-aos-delay=\"100\" data-duration=\"700\"><\/polygon><defs><lineargradient id=\"sfirstbottomgsbp-460e555\"><stop style=\"stop-color:#ffffff\" offset=\"0%\"><\/stop><stop style=\"stop-color:#f5f9ff\" offset=\"100%\"><\/stop><\/lineargradient><lineargradient id=\"ssecondbottomgsbp-460e555\"><stop style=\"stop-color:#fbf5ff\" offset=\"0%\"><\/stop><stop style=\"stop-color:#ffffff\" offset=\"67%\"><\/stop><\/lineargradient><lineargradient id=\"sthirdbottomgsbp-460e555\"><stop style=\"stop-color:#ffffff\" offset=\"0%\"><\/stop><stop style=\"stop-color:#ffffff\" offset=\"100%\"><\/stop><\/lineargradient><\/defs><\/svg><\/div><\/div>\n\n\n\n<div style=\"height:50px\" aria-hidden=\"true\" class=\"wp-block-spacer\"><\/div>\n\n\n\n<div class=\"wp-block-greenshift-blocks-row gspb_row gspb_row-id-gsbp-765c580\" id=\"gspb_row-id-gsbp-765c580\"><div class=\"gspb_row__content\"> \n<div class=\"wp-block-greenshift-blocks-row-column gspb_row__col--6 gspb_col-id-gsbp-5a3dfb4\" id=\"gspb_col-id-gsbp-5a3dfb4\">\n<h2 id=\"gspb_heading-id-gsbp-444161a\" class=\"gspb_heading gspb_heading-id-gsbp-444161a\"><strong>Pasi\u00f3n por el mar, compromiso con la naturaleza y amor por Isla Uvita.<\/strong><\/h2>\n\n\n\n<div id=\"gspb_text-id-gsbp-ebc7f02\" class=\"gspb_text gspb_text-id-gsbp-ebc7f02\">Somos una empresa local comprometida con ofrecer experiencias \u00fanicas, seguras y memorables en las aguas cristalinas que rodean Isla Uvita, Lim\u00f3n. Nuestro equipo est\u00e1 conformado por gu\u00edas certificados, capitanes con amplia experiencia y personas apasionadas por el ecoturismo.<br><br>Nacimos con el prop\u00f3sito de conectar a visitantes con la rica historia, biodiversidad marina y belleza natural de la regi\u00f3n, de manera respetuosa y sostenible. En cada tour, buscamos que nuestros clientes no solo se lleven fotos incre\u00edbles, sino tambi\u00e9n una nueva apreciaci\u00f3n por el Caribe costarricense.<br><br>Ofrecemos atenci\u00f3n personalizada, seguridad en cada trayecto y un servicio c\u00e1lido que refleja lo mejor de nuestra cultura local.<\/div>\n\n\n\n<div class=\"gspb_button_wrapper gspb_button-id-gsbp-565b081\" id=\"gspb_button-id-gsbp-565b081\"><a class=\"wp-block-greenshift-blocks-buttonbox gspb-buttonbox wp-element-button\" href=\"\/en\/contacto\/\" rel=\"noopener\"><span class=\"gspb-buttonbox-textwrap\"><span class=\"gspb-buttonbox-text\"><span class=\"gspb-buttonbox-title\">Cont\u00e1ctanos<\/span><\/span><\/span><\/a><\/div>\n<\/div>\n\n\n\n<div class=\"wp-block-greenshift-blocks-row-column gspb_row__col--6 gspb_col-id-gsbp-93c7cf8\" id=\"gspb_col-id-gsbp-93c7cf8\">\n<blockquote class=\"gsbp-00c152a\">C<em>ada ola que cruzamos es una oportunidad para compartir lo que m\u00e1s amamos: el mar, nuestra cultura y la magia de Isla Uvita.<\/em><\/blockquote>\n\n\n\n<div class=\"wp-block-greenshift-blocks-image gspb_image gspb_image-id-gsbp-7d504d2\" id=\"gspb_image-id-gsbp-7d504d2\"><img decoding=\"async\" src=\"https:\/\/islauvitaecotour.com\/wp-content\/uploads\/2025\/06\/nosotros-isla-uvita-1.png\" data-src=\"\" alt=\"\" loading=\"lazy\" width=\"400\" height=\"500\"\/><\/div>\n<\/div>\n <\/div><\/div>\n\n\n\n<div style=\"height:80px\" aria-hidden=\"true\" class=\"wp-block-spacer\"><\/div>","protected":false},"excerpt":{"rendered":"","protected":false},"author":1,"featured_media":0,"parent":0,"menu_order":0,"comment_status":"closed","ping_status":"closed","template":"","meta":{"_acf_changed":false,"_gspb_post_css":".gspb_container-id-gsbp-1008582{flex-direction:column;box-sizing:border-box}#gspb_container-id-gsbp-1008582.gspb_container>p:last-of-type,#gspb_container-id-gsbp-7f151d5.gspb_container>p:last-of-type,#gspb_container-id-gsbp-b0c49d8.gspb_container>p:last-of-type,#gspb_container-id-gsbp-fd1a405.gspb_container>p:last-of-type{margin-bottom:0}#gspb_container-id-gsbp-1008582.gspb_container{position:relative;margin-bottom:0;padding-top:150px;padding-bottom:100px;overflow:hidden}@media (max-width:991.98px){#gspb_container-id-gsbp-1008582.gspb_container{padding-top:200px;padding-bottom:380px}}@media (max-width:575.98px){#gspb_container-id-gsbp-1008582.gspb_container{padding-top:120px;padding-bottom:80px}}#gspb_container-id-gsbp-1008582.gspb_container{background-image:linear-gradient(180deg,#0197e4 2%,#0257ad 100%)}#gspb_row-id-gsbp-9e9cf25{justify-content:space-between;margin-top:0;margin-bottom:0;display:flex;flex-wrap:wrap;align-content:center}#gspb_row-id-gsbp-9e9cf25>.gspb_row__content{display:flex;justify-content:space-between;margin:0 auto;width:100%;flex-wrap:wrap;align-items:center}div[id^=gspb_col-id]{box-sizing:border-box;position:relative;padding:var(--gs-row-column-padding, 15px min(3vw, 20px))}#gspb_col-id-gsbp-49c55aa.gspb_row__col--12{width:calc(100% - 50px)}@media (max-width:991.98px){#gspb_col-id-gsbp-49c55aa.gspb_row__col--12{width:100%}}@media (max-width:767.98px){#gspb_col-id-gsbp-49c55aa.gspb_row__col--12{width:calc(100% - 50px)}}@media (max-width:575.98px){#gspb_col-id-gsbp-49c55aa.gspb_row__col--12{width:100%}}.gspb_row #gspb_col-id-gsbp-49c55aa.gspb_row__col--12{padding:0}#gspb_heading-id-gsbp-9599f65{font-size:70px;line-height:1.2em}@media (max-width:991.98px){#gspb_heading-id-gsbp-9599f65{font-size:50px}}@media (max-width:575.98px){#gspb_heading-id-gsbp-9599f65{font-size:35px}}#gspb_heading-id-gsbp-9599f65,#gspb_heading-id-gsbp-9599f65 .gsap-g-line{text-align:center!important}@media (max-width:991.98px){#gspb_heading-id-gsbp-9599f65,#gspb_heading-id-gsbp-9599f65 .gsap-g-line{text-align:center!important}}#gspb_heading-id-gsbp-9599f65{color:#fff;margin-top:20px;margin-bottom:0}#gspb_col-id-gsbp-0e66a1cd-7f26.gspb_row__col--6{width:50%}@media (max-width:575.98px){#gspb_col-id-gsbp-0e66a1cd-7f26.gspb_row__col--6{width:100%}}#gspb_svgBox-id-gsbp-4156bc17-6423{display:flex;margin-bottom:10px;margin-left:20px;width:70px!important}#gspb_svgBox-id-gsbp-4156bc17-6423 svg{margin:0!important;overflow:visible;width:70px!important;height:6px!important;max-width:100%}#gspb_heading-id-gsbp-f02541cc-cd97{font-size:44px;line-height:48px;margin-bottom:90px;margin-left:20px}@media (max-width:575.98px){#gspb_heading-id-gsbp-f02541cc-cd97{margin-bottom:30px}}#gspb_heading-id-gsbp-f02541cc-cd97 .text-anim__word{font-weight:700!important}.text-anim__word,.text-anim__wrapper{position:relative;display:inline-block}.text-anim__word{position:absolute;top:0;left:0;z-index:1}.text-anim__word--in{position:relative;z-index:2}#gspb_heading-id-gsbp-f02541cc-cd97 .text-anim--push{--text-anim-duration:0.5s;--text-anim-pause:2s}.text-anim--push .text-anim__word{opacity:0;transform:translateX(-100px);transition:none}.text-anim--push .text-anim__word--in,.text-anim--push .text-anim__word--out{transition:opacity var(--text-anim-duration),transform var(--text-anim-duration) cubic-bezier(.34,1.56,.64,1)}.text-anim--push .text-anim__word--in{opacity:1;transform:translateX(0)}.text-anim--push .text-anim__word--out{opacity:0;transform:translateX(100px)}.gspb_container-id-gsbp-7f151d5,.gspb_container-id-gsbp-b0c49d8,.gspb_container-id-gsbp-fd1a405{flex-direction:column;box-sizing:border-box}#gspb_container-id-gsbp-fd1a405.gspb_container{position:relative;display:flex;flex-direction:row;justify-content:flex-start;align-items:center}@media (max-width:575.98px){#gspb_container-id-gsbp-fd1a405.gspb_container{flex-direction:column}}#gspb_container-id-gsbp-fd1a405.gspb_container.aos-animate,#gspb_container-id-gsbp-fd1a405.gspb_container[data-gs-aos]{transition:all .5s cubic-bezier(.42,0,.58,1)}#gspb_container-id-gsbp-fd1a405.gspb_container:hover{transform:scale(1.05);box-shadow:0 32px 48px 0 rgba(0,0,0,.15);background-color:#fff!important}#gspb_container-id-gsbp-fd1a405.gspb_container{padding:25px 20px;border-top-left-radius:10px;border-top-right-radius:10px;border-bottom-right-radius:10px;border-bottom-left-radius:10px;border-style:solid;border-width:1px;border-color:#096be33b;transition-duration:.7s;transition-timing-function:var(--gs-root-animation-easing, cubic-bezier(0.42, 0, 0.58, 1));opacity:var(--gs-root-animation-opacity, 0);transition-property:opacity,transform,filter;transform:var(--gs-root-animation-transform, translate3d(0, calc(max(50px, 15%)), 0))}#gspb_container-id-gsbp-fd1a405.gspb_container.aos-animate,#gspb_container-id-gsbp-fd1a405.gspb_container[data-gs-aos]{opacity:1;transform:translateZ(0)}#gspb_iconBox-id-gsbp-b7bb007 svg{height:30px!important;width:30px!important;min-width:30px!important;fill:#096be3b5!important;margin:0!important}#gspb_iconBox-id-gsbp-b7bb007{justify-content:center;display:flex}#gspb_iconBox-id-gsbp-b7bb007 svg path{fill:#096be3b5!important}#gspb_iconBox-id-gsbp-b7bb007 .gspb_iconBox__wrapper{background-color:#096be32e;padding:20px;border-radius:50%}@media (max-width:575.98px){#gspb_iconBox-id-gsbp-b7bb007 .gspb_iconBox__wrapper{margin-bottom:14px}}#gspb_heading-id-gsbp-fb852b0{font-size:22px}@media (max-width:575.98px){#gspb_heading-id-gsbp-fb852b0{font-size:21px;text-align:center!important}#gspb_heading-id-gsbp-fb852b0 .gsap-g-line{text-align:center!important}}#gspb_heading-id-gsbp-fb852b0{margin-left:15px}#gspb_heading-id-gsbp-fb852b0 .gspb_heading_subtitle,#gspb_subheading-id-gsbp-fb852b0{display:block;font-size:17px;line-height:22px}@media (max-width:575.98px){#gspb_heading-id-gsbp-fb852b0 .gspb_heading_subtitle,#gspb_subheading-id-gsbp-fb852b0{font-size:14px}#gspb_heading-id-gsbp-fb852b0 .gspb_heading_subtitle,#gspb_subheading-id-gsbp-fb852b0,#gspb_subheading-id-gsbp-fb852b0 .gsap-g-line{text-align:left!important}}#gspb_heading-id-gsbp-fb852b0 .gspb_heading_subtitle,#gspb_subheading-id-gsbp-fb852b0{margin-top:12px}#gspb_col-id-gsbp-818c9615-70b5.gspb_row__col--6{width:50%}@media (max-width:575.98px){#gspb_col-id-gsbp-818c9615-70b5.gspb_row__col--6{width:100%}}#gspb_col-id-gsbp-818c9615-70b5.gspb_row__col--6{flex-direction:column}body #gspb_col-id-gsbp-818c9615-70b5.gspb_row__col--6{display:flex;flex-direction:column;flex-wrap:nowrap;justify-content:space-between;align-content:flex-start;row-gap:15px;column-gap:15px}#gspb_container-id-gsbp-b0c49d8.gspb_container{position:relative;display:flex;flex-direction:row;justify-content:flex-start;align-items:center}@media (max-width:575.98px){#gspb_container-id-gsbp-b0c49d8.gspb_container{flex-direction:column}}#gspb_container-id-gsbp-b0c49d8.gspb_container.aos-animate,#gspb_container-id-gsbp-b0c49d8.gspb_container[data-gs-aos]{transition:all .5s cubic-bezier(.42,0,.58,1)}#gspb_container-id-gsbp-b0c49d8.gspb_container:hover{transform:scale(1.05);box-shadow:0 32px 48px 0 rgba(0,0,0,.15);background-color:#fff!important}#gspb_container-id-gsbp-b0c49d8.gspb_container{padding:25px 20px;border-top-left-radius:10px;border-top-right-radius:10px;border-bottom-right-radius:10px;border-bottom-left-radius:10px;border-style:solid;border-width:1px;border-color:#096be33b;transition-duration:.7s;transition-timing-function:var(--gs-root-animation-easing, cubic-bezier(0.42, 0, 0.58, 1));opacity:var(--gs-root-animation-opacity, 0);transition-property:opacity,transform,filter;transform:var(--gs-root-animation-transform, translate3d(0, calc(max(50px, 15%)), 0))}#gspb_container-id-gsbp-b0c49d8.gspb_container.aos-animate,#gspb_container-id-gsbp-b0c49d8.gspb_container[data-gs-aos]{opacity:1;transform:translateZ(0)}#gspb_iconBox-id-gsbp-a8ae22a{justify-content:center;display:flex}#gspb_iconBox-id-gsbp-a8ae22a .gspb_iconBox__wrapper{background-color:#096be32e;padding:20px;border-radius:50%}@media (max-width:575.98px){#gspb_iconBox-id-gsbp-a8ae22a .gspb_iconBox__wrapper{margin-bottom:14px}}#gspb_heading-id-gsbp-126a885{font-size:22px}@media (max-width:575.98px){#gspb_heading-id-gsbp-126a885{font-size:21px;text-align:center!important}#gspb_heading-id-gsbp-126a885 .gsap-g-line{text-align:center!important}}#gspb_heading-id-gsbp-126a885{margin-left:15px}#gspb_heading-id-gsbp-126a885 .gspb_heading_subtitle,#gspb_subheading-id-gsbp-126a885{display:block;font-size:17px;line-height:22px}@media (max-width:575.98px){#gspb_heading-id-gsbp-126a885 .gspb_heading_subtitle,#gspb_subheading-id-gsbp-126a885{font-size:14px}#gspb_heading-id-gsbp-126a885 .gspb_heading_subtitle,#gspb_subheading-id-gsbp-126a885,#gspb_subheading-id-gsbp-126a885 .gsap-g-line{text-align:left!important}}#gspb_heading-id-gsbp-126a885 .gspb_heading_subtitle,#gspb_subheading-id-gsbp-126a885{margin-top:12px}#gspb_container-id-gsbp-7f151d5.gspb_container{position:relative;display:flex;flex-direction:row;justify-content:flex-start;align-items:center}@media (max-width:575.98px){#gspb_container-id-gsbp-7f151d5.gspb_container{flex-direction:column}}#gspb_container-id-gsbp-7f151d5.gspb_container.aos-animate,#gspb_container-id-gsbp-7f151d5.gspb_container[data-gs-aos]{transition:all .5s cubic-bezier(.42,0,.58,1)}#gspb_container-id-gsbp-7f151d5.gspb_container:hover{transform:scale(1.05);box-shadow:0 32px 48px 0 rgba(0,0,0,.15);background-color:#fff!important}#gspb_container-id-gsbp-7f151d5.gspb_container{padding:25px 20px;border-top-left-radius:10px;border-top-right-radius:10px;border-bottom-right-radius:10px;border-bottom-left-radius:10px;border-style:solid;border-width:1px;border-color:#096be33b;transition-duration:.7s;transition-timing-function:var(--gs-root-animation-easing, cubic-bezier(0.42, 0, 0.58, 1));opacity:var(--gs-root-animation-opacity, 0);transition-property:opacity,transform,filter;transform:var(--gs-root-animation-transform, translate3d(0, calc(max(50px, 15%)), 0))}#gspb_container-id-gsbp-7f151d5.gspb_container.aos-animate,#gspb_container-id-gsbp-7f151d5.gspb_container[data-gs-aos]{opacity:1;transform:translateZ(0)}#gspb_iconBox-id-gsbp-714fcad svg,#gspb_iconBox-id-gsbp-a8ae22a svg{height:30px!important;width:30px!important;min-width:30px!important;fill:#096be3b5!important;margin:0!important}#gspb_iconBox-id-gsbp-714fcad{justify-content:center;display:flex}#gspb_iconBox-id-gsbp-714fcad svg path,#gspb_iconBox-id-gsbp-a8ae22a svg path{fill:#096be3b5!important}#gspb_iconBox-id-gsbp-714fcad .gspb_iconBox__wrapper{background-color:#096be32e;padding:20px;border-radius:50%}@media (max-width:575.98px){#gspb_iconBox-id-gsbp-714fcad .gspb_iconBox__wrapper{margin-bottom:14px}}#gspb_heading-id-gsbp-71b35c8{font-size:22px}@media (max-width:575.98px){#gspb_heading-id-gsbp-71b35c8{font-size:21px;text-align:center!important}#gspb_heading-id-gsbp-71b35c8 .gsap-g-line{text-align:center!important}}#gspb_heading-id-gsbp-71b35c8{margin-left:15px}#gspb_heading-id-gsbp-71b35c8 .gspb_heading_subtitle,#gspb_subheading-id-gsbp-71b35c8{display:block;font-size:17px;line-height:22px}@media (max-width:575.98px){#gspb_heading-id-gsbp-71b35c8 .gspb_heading_subtitle,#gspb_subheading-id-gsbp-71b35c8{font-size:14px}#gspb_heading-id-gsbp-71b35c8 .gspb_heading_subtitle,#gspb_subheading-id-gsbp-71b35c8,#gspb_subheading-id-gsbp-71b35c8 .gsap-g-line{text-align:left!important}}#gspb_heading-id-gsbp-71b35c8 .gspb_heading_subtitle,#gspb_subheading-id-gsbp-71b35c8{margin-top:12px}#gspb_row-id-gsbp-460e555{justify-content:space-between;margin-top:0;margin-bottom:0;display:flex;flex-wrap:wrap;padding-top:100px;padding-bottom:100px}#gspb_row-id-gsbp-460e555>.gspb_row__content{display:flex;justify-content:space-between;margin:0 auto;width:100%;flex-wrap:wrap}.gspb_row{position:relative}body.gspb-bodyfront #gspb_row-id-gsbp-460e555>.gspb_row__content,body.gspb-bodyfront #gspb_row-id-gsbp-9e9cf25>.gspb_row__content{width:var(--theme-container-width, 1200px);max-width:var(--theme-normal-container-max-width, 1200px)}#gspb_row-id-gsbp-460e555 .gspb_shape-divider-container{overflow:hidden;position:absolute;left:0;z-index:-1;width:100%;line-height:0;pointer-events:none}#gspb_row-id-gsbp-460e555 .gspb_shape-divider-container svg{width:100%}#gspb_row-id-gsbp-460e555 [data-aos^=fade]{transition-property:opacity,transform;transition-duration:.7s;transition-delay:0s}#gspb_row-id-gsbp-460e555 [data-aos^=fade]:not(.aos-animate){opacity:0!important}#gspb_row-id-gsbp-460e555 [data-aos-delay=\"600\"].aos-animate,#gspb_row-id-gsbp-460e555 [data-aos-delay=\"600\"][data-gs-aos]{transition-delay:.6s}#gspb_row-id-gsbp-460e555 [data-aos-delay=\"100\"].aos-animate,#gspb_row-id-gsbp-460e555 [data-aos-delay=\"100\"][data-gs-aos]{transition-delay:.1s}#gspb_row-id-gsbp-460e555 [data-aos-delay=\"300\"].aos-animate,#gspb_row-id-gsbp-460e555 [data-aos-delay=\"300\"][data-gs-aos]{transition-delay:.3s}#gspb_row-id-gsbp-460e555 [data-aos^=fade].aos-animate,#gspb_row-id-gsbp-460e555 [data-aos^=fade][data-gs-aos]{opacity:1;transform:translateZ(0)}#gspb_row-id-gsbp-460e555 [data-aos=fade-down]{transform:translate3d(0,-60px,0)}#gspb_row-id-gsbp-460e555 .gspb_shape-divider-container--top{top:216px}#gspb_row-id-gsbp-460e555 .gspb_shape-divider-container--bottom{bottom:48px}#gspb_row-id-gsbp-460e555 .gspb_shape-divider-container--bottom svg{height:500px}@media (max-width:575.98px){#gspb_row-id-gsbp-460e555{padding-top:50px}}#gspb_row-id-gsbp-460e555{isolation:isolate}#gspb_row-id-gsbp-765c580{justify-content:space-between;margin-top:0;margin-bottom:0;display:flex;flex-wrap:wrap}#gspb_row-id-gsbp-765c580>.gspb_row__content{display:flex;justify-content:space-between;margin:0 auto;width:100%;flex-wrap:wrap}body.gspb-bodyfront #gspb_row-id-gsbp-765c580>.gspb_row__content{width:var(--theme-container-width, 1200px);max-width:var(--theme-normal-container-max-width, 1200px)}#gspb_col-id-gsbp-5a3dfb4.gspb_row__col--6{width:50%}@media (max-width:575.98px){#gspb_col-id-gsbp-5a3dfb4.gspb_row__col--6{width:100%}}#gspb_col-id-gsbp-93c7cf8.gspb_row__col--6{width:50%}@media (max-width:575.98px){#gspb_col-id-gsbp-93c7cf8.gspb_row__col--6{width:100%}}body #gspb_col-id-gsbp-93c7cf8.gspb_row__col--6{display:flex;flex-direction:column;justify-content:center;align-items:center}#gspb_heading-id-gsbp-444161a{font-size:24px}#gspb_button-id-gsbp-565b081{display:flex;justify-content:flex-start}#gspb_button-id-gsbp-565b081 .gspb-buttonbox-text{display:flex;flex-direction:column}#gspb_button-id-gsbp-565b081>.gspb-buttonbox{box-sizing:border-box;margin-top:20px;background-color:#07428a}@media (max-width:575.98px){#gspb_button-id-gsbp-565b081{justify-content:center}}#gspb_image-id-gsbp-7d504d2 img{vertical-align:top;display:inline-block;box-sizing:border-box;max-width:100%;box-shadow:0 32px 48px 0 rgba(0,0,0,.15);border-top-left-radius:15px;border-top-right-radius:15px;border-bottom-right-radius:15px;border-bottom-left-radius:15px;width:400px;height:auto}#gspb_image-id-gsbp-7d504d2{margin-top:20px;height:auto}@media (max-width:991.98px){#gspb_image-id-gsbp-7d504d2,#gspb_image-id-gsbp-7d504d2 img{height:auto}}@media (max-width:767.98px){#gspb_image-id-gsbp-7d504d2,#gspb_image-id-gsbp-7d504d2 img{height:auto}}@media (max-width:575.98px){#gspb_image-id-gsbp-7d504d2,#gspb_image-id-gsbp-7d504d2 img{height:auto}}","pgc_sgb_lightbox_settings":"","footnotes":""},"class_list":["post-13","page","type-page","status-publish","hentry"],"blocksy_meta":{"has_hero_section":"disabled","vertical_spacing_source":"custom","content_area_spacing":"none","styles_descriptor":{"styles":{"desktop":"","tablet":"","mobile":""},"google_fonts":[],"version":6}},"acf":[],"_links":{"self":[{"href":"https:\/\/islauvitaecotour.com\/en\/wp-json\/wp\/v2\/pages\/13","targetHints":{"allow":["GET"]}}],"collection":[{"href":"https:\/\/islauvitaecotour.com\/en\/wp-json\/wp\/v2\/pages"}],"about":[{"href":"https:\/\/islauvitaecotour.com\/en\/wp-json\/wp\/v2\/types\/page"}],"author":[{"embeddable":true,"href":"https:\/\/islauvitaecotour.com\/en\/wp-json\/wp\/v2\/users\/1"}],"replies":[{"embeddable":true,"href":"https:\/\/islauvitaecotour.com\/en\/wp-json\/wp\/v2\/comments?post=13"}],"version-history":[{"count":24,"href":"https:\/\/islauvitaecotour.com\/en\/wp-json\/wp\/v2\/pages\/13\/revisions"}],"predecessor-version":[{"id":1203,"href":"https:\/\/islauvitaecotour.com\/en\/wp-json\/wp\/v2\/pages\/13\/revisions\/1203"}],"wp:attachment":[{"href":"https:\/\/islauvitaecotour.com\/en\/wp-json\/wp\/v2\/media?parent=13"}],"curies":[{"name":"wp","href":"https:\/\/api.w.org\/{rel}","templated":true}]}}