{"id":15,"date":"2025-03-04T09:14:56","date_gmt":"2025-03-04T09:14:56","guid":{"rendered":"https:\/\/startersites.io\/blocksy\/investboost\/?page_id=15"},"modified":"2025-06-18T02:05:23","modified_gmt":"2025-06-18T02:05:23","slug":"contacto","status":"publish","type":"page","link":"https:\/\/islauvitaecotour.com\/en\/contacto\/","title":{"rendered":"Contact"},"content":{"rendered":"<div class=\"wp-block-greenshift-blocks-container alignfull gspb_container gspb_container-gsbp-045dd0a\" id=\"gspb_container-id-gsbp-045dd0a\">\n<div class=\"wp-block-greenshift-blocks-row gspb_row gspb_row-id-gsbp-c15eed3 gspb_row--gutter-custom-0\" id=\"gspb_row-id-gsbp-c15eed3\"><div class=\"gspb_row__content\"> \n<div class=\"wp-block-greenshift-blocks-row-column gspb_row__col--6 gspb_row__col--md-12 gspb_col-id-gsbp-06c638d\" id=\"gspb_col-id-gsbp-06c638d\">\n<h2 id=\"gspb_heading-id-gsbp-02dc70b\" class=\"gspb_heading gspb_heading-id-gsbp-02dc70b\"><strong>Cont\u00e1ctanos y reserva tu aventura<\/strong><\/h2>\n\n\n\n<div id=\"gspb_text-id-gsbp-078322d\" class=\"gspb_text gspb_text-id-gsbp-078322d\">\u00bfListo para vivir una experiencia inolvidable en Isla Uvita?<\/div>\n\n\n\n<div id=\"gspb_text-id-gsbp-1f85300\" class=\"gspb_text gspb_text-id-gsbp-1f85300\">Estamos aqu\u00ed para ayudarte con cualquier duda, coordinar tu tour o darte m\u00e1s informaci\u00f3n sobre nuestros servicios.<\/div>\n<\/div>\n\n\n\n<div class=\"wp-block-greenshift-blocks-row-column gspb_row__col--6 gspb_row__col--md-12 gspb_col-id-gsbp-54a72a9\" id=\"gspb_col-id-gsbp-54a72a9\">\n<h2 id=\"gspb_heading-id-gsbp-50eb895\" class=\"gspb_heading gspb_heading-id-gsbp-50eb895\">Form<\/h2>\n\n\n\n<div class=\"wpcf7 no-js\" id=\"wpcf7-f934-o1\" lang=\"en-US\" dir=\"ltr\" data-wpcf7-id=\"934\">\n<div class=\"screen-reader-response\"><p role=\"status\" aria-live=\"polite\" aria-atomic=\"true\"><\/p> <ul><\/ul><\/div>\n<form action=\"\/en\/wp-json\/wp\/v2\/pages\/15#wpcf7-f934-o1\" method=\"post\" class=\"wpcf7-form init\" aria-label=\"Contact form\" novalidate=\"novalidate\" data-status=\"init\" data-trp-original-action=\"\/en\/wp-json\/wp\/v2\/pages\/15#wpcf7-f934-o1\">\n<fieldset class=\"hidden-fields-container\"><input type=\"hidden\" name=\"_wpcf7\" value=\"934\" \/><input type=\"hidden\" name=\"_wpcf7_version\" value=\"6.1\" \/><input type=\"hidden\" name=\"_wpcf7_locale\" value=\"en_US\" \/><input type=\"hidden\" name=\"_wpcf7_unit_tag\" value=\"wpcf7-f934-o1\" \/><input type=\"hidden\" name=\"_wpcf7_container_post\" value=\"0\" \/><input type=\"hidden\" name=\"_wpcf7_posted_data_hash\" value=\"\" \/>\n<\/fieldset>\n<p><label> Your Name<br \/>\n<span class=\"wpcf7-form-control-wrap\" data-name=\"your-name\"><input size=\"40\" maxlength=\"400\" class=\"wpcf7-form-control wpcf7-text wpcf7-validates-as-required\" autocomplete=\"name\" aria-required=\"true\" aria-invalid=\"false\" value=\"\" type=\"text\" name=\"your-name\" \/><\/span> <\/label>\n<\/p>\n<p><label> Your E-Mail<br \/>\n<span class=\"wpcf7-form-control-wrap\" data-name=\"your-email\"><input size=\"40\" maxlength=\"400\" class=\"wpcf7-form-control wpcf7-email wpcf7-validates-as-required wpcf7-text wpcf7-validates-as-email\" autocomplete=\"email\" aria-required=\"true\" aria-invalid=\"false\" value=\"\" type=\"email\" name=\"your-email\" \/><\/span> <\/label>\n<\/p>\n<p><label> Choose the tour of your interest<br \/>\n<span class=\"wpcf7-form-control-wrap\" data-name=\"select-112\"><select class=\"wpcf7-form-control wpcf7-select\" aria-invalid=\"false\" name=\"select-112\"><option value=\"Tour a Isla Uvita \u2013 Isla Quiribri\">Tour to Isla Uvita Island Quiribri<\/option><option value=\"Tour snorkel y caminata a la Isla Uvita\">Snorkeling Tour and walk to the Isla Uvita<\/option><option value=\"Tour por la costa de Lim\u00f3n\">Tour the coast of Lemon<\/option><option value=\"Tour de avistamiento por los canales de Moin\">Watching Tour through the canals of Moin<\/option><option value=\"Tours de pesca en Isla Uvita\">Fishing Tours in Isla Uvita<\/option><\/select><\/span> <\/label>\n<\/p>\n<p><input class=\"wpcf7-form-control wpcf7-submit has-spinner\" type=\"submit\" value=\"Send by Whatsapp\" \/>\n<\/p><div class=\"wpcf7-response-output\" aria-hidden=\"true\"><\/div>\n<input type=\"hidden\" name=\"trp-form-language\" value=\"en\"\/><\/form>\n<\/div>\n\n<\/div>\n <\/div><\/div>\n<\/div>","protected":false},"excerpt":{"rendered":"","protected":false},"author":1,"featured_media":0,"parent":0,"menu_order":0,"comment_status":"closed","ping_status":"closed","template":"","meta":{"_acf_changed":false,"_gspb_post_css":".gspb_container-id-gsbp-045dd0a{flex-direction:column;box-sizing:border-box}#gspb_container-id-gsbp-045dd0a.gspb_container>p:last-of-type{margin-bottom:0}#gspb_container-id-gsbp-045dd0a.gspb_container{position:relative;margin-top:0;margin-bottom:0;padding-top:250px;padding-bottom:120px;overflow:hidden}@media (max-width:991.98px){#gspb_container-id-gsbp-045dd0a.gspb_container{margin-bottom:0;padding-top:200px;padding-bottom:80px}}@media (max-width:575.98px){#gspb_container-id-gsbp-045dd0a.gspb_container{margin-bottom:0;padding-top:120px;padding-bottom:60px}}#gspb_container-id-gsbp-045dd0a.gspb_container{background-image:linear-gradient(180deg,#0ea7f3 0,#02529e 100%)}#gspb_row-id-gsbp-c15eed3{justify-content:space-between;margin-top:0;margin-bottom:0;display:flex;flex-wrap:wrap;align-content:center}#gspb_row-id-gsbp-c15eed3>.gspb_row__content{display:flex;justify-content:space-between;margin:0 auto;width:100%;flex-wrap:wrap}.gspb_row{position:relative}div[id^=gspb_col-id]{box-sizing:border-box;position:relative;padding:var(--gs-row-column-padding, 15px min(3vw, 20px))}@media (max-width:991.98px){#gspb_row-id-gsbp-c15eed3>.gspb_row__content{row-gap:80px}}@media (max-width:575.98px){#gspb_row-id-gsbp-c15eed3>.gspb_row__content{row-gap:60px}}#gspb_row-id-gsbp-c15eed3>.gspb_row__content{align-items:center}body.gspb-bodyfront #gspb_row-id-gsbp-c15eed3>.gspb_row__content{width:var(--theme-container-width, 1200px);max-width:var(--theme-normal-container-max-width, 1200px)}body.gspb-bodyfront #gspb_row-id-gsbp-c15eed3{z-index:1}#gspb_col-id-gsbp-06c638d.gspb_row__col--6{width:calc(50% - 50px)}@media (max-width:991.98px){#gspb_col-id-gsbp-06c638d.gspb_row__col--6{width:100%}}@media (max-width:767.98px){#gspb_col-id-gsbp-06c638d.gspb_row__col--6{width:calc(100% - 50px)}}@media (max-width:575.98px){#gspb_col-id-gsbp-06c638d.gspb_row__col--6{width:100%}}@media (min-width:992px){body.gspb-bodyfront #gspb_col-id-gsbp-06c638d.gspb_row__col--6{width:calc(55% - 0px - 50px)}}.gspb_row #gspb_col-id-gsbp-06c638d.gspb_row__col--6{padding:0}#gspb_heading-id-gsbp-02dc70b{font-size:41px;line-height:1.2em}@media (max-width:991.98px){#gspb_heading-id-gsbp-02dc70b{font-size:50px}}@media (max-width:575.98px){#gspb_heading-id-gsbp-02dc70b{font-size:30px}}@media (max-width:991.98px){#gspb_heading-id-gsbp-02dc70b,#gspb_heading-id-gsbp-02dc70b .gsap-g-line{text-align:center!important}}@media (max-width:575.98px){#gspb_heading-id-gsbp-02dc70b,#gspb_heading-id-gsbp-02dc70b .gsap-g-line{text-align:left!important}}#gspb_heading-id-gsbp-02dc70b{color:#fff;margin-top:0;margin-bottom:30px}@media (max-width:575.98px){#gspb_heading-id-gsbp-02dc70b{margin-left:15px}}.gspb_text-id-gsbp-078322d{font-size:17px;font-weight:700!important;color:var(--wp--preset--color--palette-color-8, var(--theme-palette-color-8, #ffffff));margin-bottom:12px!important}@media (max-width:575.98px){.gspb_text-id-gsbp-078322d{padding-left:15px!important}}.gspb_text-id-gsbp-1f85300{font-size:17px}@media (max-width:991.98px){.gspb_text-id-gsbp-1f85300{font-size:18px}}@media (max-width:575.98px){.gspb_text-id-gsbp-1f85300{font-size:16px}}@media (max-width:991.98px){.gspb_text-id-gsbp-1f85300,.gspb_text-id-gsbp-1f85300 .gsap-g-line{text-align:center!important}}@media (max-width:575.98px){.gspb_text-id-gsbp-1f85300,.gspb_text-id-gsbp-1f85300 .gsap-g-line{text-align:left!important}}.gspb_text-id-gsbp-1f85300{color:#fff;margin-bottom:60px!important}@media (max-width:991.98px){.gspb_text-id-gsbp-1f85300{margin-bottom:15px!important}}@media (max-width:575.98px){.gspb_text-id-gsbp-1f85300{margin-bottom:15px!important;margin-left:15px!important}}.gspb_text-id-gsbp-1f85300{max-width:500px}@media (max-width:991.98px){.gspb_text-id-gsbp-1f85300{max-width:100%}}#gspb_col-id-gsbp-54a72a9.gspb_row__col--6{width:calc(50% - 50px)}@media (max-width:991.98px){#gspb_col-id-gsbp-54a72a9.gspb_row__col--6{width:100%}}@media (max-width:767.98px){#gspb_col-id-gsbp-54a72a9.gspb_row__col--6{width:calc(100% - 50px)}}@media (max-width:575.98px){#gspb_col-id-gsbp-54a72a9.gspb_row__col--6{width:100%}}@media (min-width:992px){body.gspb-bodyfront #gspb_col-id-gsbp-54a72a9.gspb_row__col--6{width:calc(45% - 0px - 50px)}}.gspb_row #gspb_col-id-gsbp-54a72a9.gspb_row__col--6{padding:20px 20px 25px}#gspb_col-id-gsbp-54a72a9.gspb_row__col--6{background-color:var(--wp--preset--color--palette-color-8, var(--theme-palette-color-8, #ffffff))}#gspb_col-id-gsbp-54a72a9.gspb_row__col--6,#gspb_col-id-gsbp-54a72a9.gspb_row__col--6>.gspb_backgroundOverlay{border-top-left-radius:20px;border-top-right-radius:20px;border-bottom-right-radius:20px;border-bottom-left-radius:20px}#gspb_heading-id-gsbp-50eb895{font-size:25px;text-align:center!important;color:#233649}#gspb_heading-id-gsbp-50eb895 .gsap-g-line{text-align:center!important}","pgc_sgb_lightbox_settings":"","footnotes":""},"class_list":["post-15","page","type-page","status-publish","hentry"],"blocksy_meta":{"has_hero_section":"disabled","vertical_spacing_source":"custom","content_area_spacing":"none","styles_descriptor":{"styles":{"desktop":"","tablet":"","mobile":""},"google_fonts":[],"version":6}},"acf":[],"_links":{"self":[{"href":"https:\/\/islauvitaecotour.com\/en\/wp-json\/wp\/v2\/pages\/15","targetHints":{"allow":["GET"]}}],"collection":[{"href":"https:\/\/islauvitaecotour.com\/en\/wp-json\/wp\/v2\/pages"}],"about":[{"href":"https:\/\/islauvitaecotour.com\/en\/wp-json\/wp\/v2\/types\/page"}],"author":[{"embeddable":true,"href":"https:\/\/islauvitaecotour.com\/en\/wp-json\/wp\/v2\/users\/1"}],"replies":[{"embeddable":true,"href":"https:\/\/islauvitaecotour.com\/en\/wp-json\/wp\/v2\/comments?post=15"}],"version-history":[{"count":27,"href":"https:\/\/islauvitaecotour.com\/en\/wp-json\/wp\/v2\/pages\/15\/revisions"}],"predecessor-version":[{"id":1169,"href":"https:\/\/islauvitaecotour.com\/en\/wp-json\/wp\/v2\/pages\/15\/revisions\/1169"}],"wp:attachment":[{"href":"https:\/\/islauvitaecotour.com\/en\/wp-json\/wp\/v2\/media?parent=15"}],"curies":[{"name":"wp","href":"https:\/\/api.w.org\/{rel}","templated":true}]}}